{"id":2,"date":"2016-01-26T09:35:54","date_gmt":"2016-01-26T09:35:54","guid":{"rendered":"https:\/\/zalarent.hu\/?page_id=2"},"modified":"2024-04-11T10:24:22","modified_gmt":"2024-04-11T10:24:22","slug":"fooldal","status":"publish","type":"page","link":"https:\/\/zalarent.hu\/","title":{"rendered":"F\u0150OLDAL"},"content":{"rendered":"<p><img width=\"700\" height=\"500\" src=\"https:\/\/zalarent.hu\/wp-content\/uploads\/2023\/10\/zalarenlogo.png\" class=\"scale-with-grid\" alt=\"\" decoding=\"async\" style=\"\" loading=\"lazy\" srcset=\"https:\/\/zalarent.hu\/wp-content\/uploads\/2023\/10\/zalarenlogo.png 700w, https:\/\/zalarent.hu\/wp-content\/uploads\/2023\/10\/zalarenlogo-500x357.png 500w, https:\/\/zalarent.hu\/wp-content\/uploads\/2023\/10\/zalarenlogo-300x214.png 300w, https:\/\/zalarent.hu\/wp-content\/uploads\/2023\/10\/zalarenlogo-105x75.png 105w, https:\/\/zalarent.hu\/wp-content\/uploads\/2023\/10\/zalarenlogo-480x343.png 480w\" sizes=\"auto, (max-width:767px) 480px, 700px\" \/><\/p>\n<h2 class=\"title\">\u00dcdv\u00f6z\u00f6lj\u00fck honlapunkon<\/h2>\n<p>A ZALARENT Neh\u00e9zg\u00e9p K\u00f6lcs\u00f6nz\u0151 Zrt. 2019. 01. 16-\u00e1n alakult. A T\u00e1rsas\u00e1g a jelent\u0151sen b\u0151v\u00fcl\u0151 eszk\u00f6zparkkal, mely jelenleg 12 k\u00fcl\u00f6nb\u00f6z\u0151 \u00f6nj\u00e1r\u00f3 neh\u00e9zg\u00e9pb\u0151l \u00e1ll, jelleg\u00fck szerint homlokrakod\u00f3k, l\u00e1ncos kotr\u00f3k, t\u00f6bb s\u00edkkal oszt\u00e1lyoz\u00f3k, t\u00f6r\u0151g\u00e9pek, a kezel\u0151vel b\u00e9rbead\u00e1s tev\u00e9kenys\u00e9gen kereszt\u00fcl a komplex b\u00e1nyam\u0171vel\u00e9s tev\u00e9kenys\u00e9gi k\u00f6rt is k\u00e9pes ell\u00e1tni. Jelenleg a g\u00e9peink illetve a g\u00e9peinkb\u0151l k\u00e9pzett g\u00e9pl\u00e1ncok j\u00f6veszt\u00e9si, t\u00f6r\u00e9si oszt\u00e1lyoz\u00e1si, dep\u00f3z\u00e1si, rakod\u00e1si tev\u00e9kenys\u00e9get v\u00e9geznek folyamatos munkarendben megb\u00edz\u00f3ink teljes megel\u00e9ged\u00e9s\u00e9re. A folyamatos fejleszt\u00e9seknek k\u00f6sz\u00f6nhet\u0151en a 2020-as \u00e9vben minden kateg\u00f3ri\u00e1ban rendelkezni fogunk tartal\u00e9k g\u00e9ppel, ezzel a 7\/24 rendelkez\u00e9sre \u00e1ll\u00e1sunk minden kateg\u00f3ri\u00e1ban biztos\u00edtott lesz. M\u0171holdas alkalmaz\u00e1sok seg\u00edts\u00e9g\u00e9vel menedzselj\u00fck az eszk\u00f6z\u00f6k szerv\u00edzsz\u00fcks\u00e9gleteit, a minden pillanatban rendelkez\u00e9sre \u00e1ll\u00f3 \u00fczemadatokb\u00f3l megb\u00edz\u00f3ink hasznos inform\u00e1ci\u00f3kat nyernek a saj\u00e1t tev\u00e9kenys\u00e9g\u00fck szervez\u00e9s\u00e9hez.<\/p>\n<p>A Zalarent Zrt. a Zala megy\u00e9ben tal\u00e1lhat\u00f3 \u201eBazsi I.\u201d v\u00e9dnev\u0171 bazaltb\u00e1nya ter\u00fclet\u00e9n folytatja kitermel\u0151 \u00e9s gy\u00e1rt\u00f3 tev\u00e9kenys\u00e9g\u00e9t. A Magyar\u00adorsz\u00e1gon kis sz\u00e1mban fellelhet\u0151 m\u0171k\u00f6d\u0151 bazaltb\u00e1ny\u00e1k egyike a Zalarent Zrt. \u00e1ltal m\u0171velt b\u00e1nyatelek.<\/p>\n<p>A b\u00e1nya nagy kapacit\u00e1s\u00fa, korszer\u0171 termel\u0151 egys\u00e9gekkel rendelkezik, h\u00e1tt\u00e9rt\u00e1mogat\u00e1s\u00e1t jelent\u0151s szakmai tapasztalattal rendelkez\u0151, felk\u00e9sz\u00fclt \u00e9s vev\u0151orient\u00e1lt munkat\u00e1rsaink biztos\u00edtj\u00e1k, \u00edgy \u00dcgyfeleink hossz\u00fa t\u00e1von stabil partnerk\u00e9nt sz\u00e1m\u00edthatnak r\u00e1nk.<\/p>\n<p>C\u00e9g\u00fcnk felk\u00e9sz\u00fclt ak\u00e1r igen jelent\u0151s sz\u00e1ll\u00edt\u00e1si ig\u00e9ny kiszolg\u00e1l\u00e1s\u00e1ra, de ugyan\u00fagy \u00e1llunk rendelkez\u00e9sre a kisebb megrendel\u00e9sek teljes\u00edt\u00e9s\u00e9re is. Term\u00e9keink list\u00e1j\u00e1t a\u00a0Term\u00e9kek\u00a0men\u00fcpont alatt tekinthetik meg.<\/p>\n<p><img width=\"500\" height=\"375\" src=\"https:\/\/zalarent.hu\/wp-content\/uploads\/2023\/11\/gallery_10-500x375.jpg\" class=\"scale-with-grid\" alt=\"\" decoding=\"async\" style=\"\" loading=\"lazy\" srcset=\"https:\/\/zalarent.hu\/wp-content\/uploads\/2023\/11\/gallery_10-500x375.jpg 500w, https:\/\/zalarent.hu\/wp-content\/uploads\/2023\/11\/gallery_10-1200x900.jpg 1200w, https:\/\/zalarent.hu\/wp-content\/uploads\/2023\/11\/gallery_10-300x225.jpg 300w, https:\/\/zalarent.hu\/wp-content\/uploads\/2023\/11\/gallery_10-768x576.jpg 768w, https:\/\/zalarent.hu\/wp-content\/uploads\/2023\/11\/gallery_10-1536x1152.jpg 1536w, https:\/\/zalarent.hu\/wp-content\/uploads\/2023\/11\/gallery_10-100x75.jpg 100w, https:\/\/zalarent.hu\/wp-content\/uploads\/2023\/11\/gallery_10-480x360.jpg 480w, https:\/\/zalarent.hu\/wp-content\/uploads\/2023\/11\/gallery_10.jpg 2048w\" sizes=\"auto, (max-width:767px) 480px, 500px\" \/><\/p>\n","protected":false},"excerpt":{"rendered":"<p>\u00dcdv\u00f6z\u00f6lj\u00fck honlapunkon A ZALARENT Neh\u00e9zg\u00e9p K\u00f6lcs\u00f6nz\u0151 Zrt. 2019. 01. 16-\u00e1n alakult. A T\u00e1rsas\u00e1g a jelent\u0151sen b\u0151v\u00fcl\u0151 eszk\u00f6zparkkal, mely jelenleg 12 k\u00fcl\u00f6nb\u00f6z\u0151 \u00f6nj\u00e1r\u00f3 neh\u00e9zg\u00e9pb\u0151l \u00e1ll, jelleg\u00fck szerint<span class=\"excerpt-hellip\"> [\u2026]<\/span><\/p>\n","protected":false},"author":1,"featured_media":0,"parent":0,"menu_order":0,"comment_status":"open","ping_status":"closed","template":"","meta":{"ngg_post_thumbnail":0,"footnotes":""},"class_list":["post-2","page","type-page","status-publish","hentry"],"_links":{"self":[{"href":"https:\/\/zalarent.hu\/index.php?rest_route=\/wp\/v2\/pages\/2","targetHints":{"allow":["GET"]}}],"collection":[{"href":"https:\/\/zalarent.hu\/index.php?rest_route=\/wp\/v2\/pages"}],"about":[{"href":"https:\/\/zalarent.hu\/index.php?rest_route=\/wp\/v2\/types\/page"}],"author":[{"embeddable":true,"href":"https:\/\/zalarent.hu\/index.php?rest_route=\/wp\/v2\/users\/1"}],"replies":[{"embeddable":true,"href":"https:\/\/zalarent.hu\/index.php?rest_route=%2Fwp%2Fv2%2Fcomments&post=2"}],"version-history":[{"count":3,"href":"https:\/\/zalarent.hu\/index.php?rest_route=\/wp\/v2\/pages\/2\/revisions"}],"predecessor-version":[{"id":120,"href":"https:\/\/zalarent.hu\/index.php?rest_route=\/wp\/v2\/pages\/2\/revisions\/120"}],"wp:attachment":[{"href":"https:\/\/zalarent.hu\/index.php?rest_route=%2Fwp%2Fv2%2Fmedia&parent=2"}],"curies":[{"name":"wp","href":"https:\/\/api.w.org\/{rel}","templated":true}]}}