{"id":15,"date":"2016-01-26T11:18:13","date_gmt":"2016-01-26T11:18:13","guid":{"rendered":"https:\/\/zalarent.hu\/?page_id=15"},"modified":"2024-04-11T10:21:36","modified_gmt":"2024-04-11T10:21:36","slug":"kapcsolat","status":"publish","type":"page","link":"https:\/\/zalarent.hu\/?page_id=15","title":{"rendered":"KAPCSOLAT"},"content":{"rendered":"<p><span class=\"icon_top\"><\/span><\/p>\n<h2 class=\"title\">KAPCSOLAT<\/h2>\n<h2 class=\"title\">L\u00e9pjen vel\u00fcnk kapcsolatba!<\/h2>\n<p role=\"status\" aria-live=\"polite\" aria-atomic=\"true\">\n<ul><\/ul>\n<p><span class=\"wpcf7-form-control-wrap\" data-name=\"your-name\"><\/span><\/p>\n<p><span class=\"wpcf7-form-control-wrap\" data-name=\"your-email\"><\/span><\/p>\n<p><span class=\"wpcf7-form-control-wrap\" data-name=\"your-subject\"><\/span><\/p>\n<p><span class=\"wpcf7-form-control-wrap\" data-name=\"your-message\"><\/span><\/p>\n<h2>El\u00e9rhet\u0151s\u00e9gek<\/h2>\n<h5>\n +36 30 916 9800<br \/>\n+36 30 986 9800<br \/>\ninfo@zalarent.hu<\/p>\n","protected":false},"excerpt":{"rendered":"<p>KAPCSOLAT L\u00e9pjen vel\u00fcnk kapcsolatba! El\u00e9rhet\u0151s\u00e9gek +36 30 916 9800 +36 30 986 9800 info@zalarent.hu<\/p>\n","protected":false},"author":1,"featured_media":0,"parent":0,"menu_order":0,"comment_status":"open","ping_status":"closed","template":"","meta":{"ngg_post_thumbnail":0,"footnotes":""},"class_list":["post-15","page","type-page","status-publish","hentry"],"_links":{"self":[{"href":"https:\/\/zalarent.hu\/index.php?rest_route=\/wp\/v2\/pages\/15","targetHints":{"allow":["GET"]}}],"collection":[{"href":"https:\/\/zalarent.hu\/index.php?rest_route=\/wp\/v2\/pages"}],"about":[{"href":"https:\/\/zalarent.hu\/index.php?rest_route=\/wp\/v2\/types\/page"}],"author":[{"embeddable":true,"href":"https:\/\/zalarent.hu\/index.php?rest_route=\/wp\/v2\/users\/1"}],"replies":[{"embeddable":true,"href":"https:\/\/zalarent.hu\/index.php?rest_route=%2Fwp%2Fv2%2Fcomments&post=15"}],"version-history":[{"count":3,"href":"https:\/\/zalarent.hu\/index.php?rest_route=\/wp\/v2\/pages\/15\/revisions"}],"predecessor-version":[{"id":126,"href":"https:\/\/zalarent.hu\/index.php?rest_route=\/wp\/v2\/pages\/15\/revisions\/126"}],"wp:attachment":[{"href":"https:\/\/zalarent.hu\/index.php?rest_route=%2Fwp%2Fv2%2Fmedia&parent=15"}],"curies":[{"name":"wp","href":"https:\/\/api.w.org\/{rel}","templated":true}]}}