{"id":13,"date":"2016-01-26T11:17:57","date_gmt":"2016-01-26T11:17:57","guid":{"rendered":"https:\/\/zalarent.hu\/?page_id=13"},"modified":"2024-10-24T19:25:48","modified_gmt":"2024-10-24T19:25:48","slug":"termekek","status":"publish","type":"page","link":"https:\/\/zalarent.hu\/?page_id=13","title":{"rendered":"TERM\u00c9KEK"},"content":{"rendered":"<p><span class=\"icon_top\"><\/span><\/p>\n<h2 class=\"title\">TERM\u00c9KEK<\/h2>\n<h4 style=\"text-align: center;\">Az \u00e1rak t\u00e1j\u00e9koztat\u00f3 jelleg\u0171ek \u00e9s az \u00c1FA-t <strong>nem<\/strong> tartalmazz\u00e1k.\u00c9rv\u00e9nyes:<strong> 2024.m\u00e1rcius 31-t\u0151l<\/strong>, az \u00e1rv\u00e1ltoztat\u00e1s jog\u00e1t fenntartjuk.Az egys\u00e9g\u00e1rak a fuvareszk\u00f6zre homlokrakod\u00f3val t\u00f6rt\u00e9n\u0151 rakod\u00e1s \u00e9s m\u00e9rlegel\u00e9s d\u00edj\u00e1t tartalmazz\u00e1k.<\/h4>\n<h3><strong>Term\u00e9k<\/strong><\/h3>\n<h3><strong>M\u00e9ret<\/strong><\/h3>\n<h3><strong>Ft\/ tonna<\/strong><\/h3>\n<h5>Beton adal\u00e9kanyagok (NZ)<\/h5>\n<h5>0\/4<\/h5>\n<h5>5 580<\/h5>\n<h5>4\/8<\/h5>\n<h5>6 590<\/h5>\n<h5>4\/11<\/h5>\n<h5>6 910<\/h5>\n<h5>4\/22<\/h5>\n<h5>6 910<\/h5>\n<h5>8\/11<\/h5>\n<h5>7 295<\/h5>\n<h5>11\/22<\/h5>\n<h5>6 375<\/h5>\n<h5>11\/32<\/h5>\n<h5>6 375<\/h5>\n<h5>22\/32<\/h5>\n<h5>6 375<\/h5>\n<h5>Aszfalt adal\u00e9kanyagok (KZ)<\/h5>\n<h5>4\/8<\/h5>\n<h5>8 560<\/h5>\n<h5>8\/11<\/h5>\n<h5>13 816<\/h5>\n<h5>16\/22<\/h5>\n<h5>8 610<\/h5>\n<h5>Term\u00e9s, v\u00edz\u00e9p\u00edt\u00e9si k\u0151<\/h5>\n<h5>LMA 5\/40<\/h5>\n<h5>5 700<\/h5>\n<h5>LMA 40\/200<\/h5>\n<h5>5 565<\/h5>\n<h5>LMA 15\/300<\/h5>\n<h5>5 780<\/h5>\n<h5>HMA 300\/1000<\/h5>\n<h5>12 430<\/h5>\n<h5>HMA 1000\/3000<\/h5>\n<h5>25 630<\/h5>\n<h5>CP 63\/180<\/h5>\n<h5>7 760<\/h5>\n<h5>CP 90\/250<\/h5>\n<h5>7 090<\/h5>\n<h5>FZKA \u00e9s M-es z\u00fazottk\u00f6vek<\/h5>\n<h5>FZKA 0\/22 bazalt<\/h5>\n<h5>3 410<\/h5>\n<h5>FZKA 0\/32 bazalt<\/h5>\n<h5>3410<\/h5>\n<h5>FZKA 0\/63 bazalt<\/h5>\n<h5>3 680<\/h5>\n<h5>0\/4 medd\u0151s bazalt<\/h5>\n<h5>2 615<\/h5>\n<h5>0\/11medd\u0151s bazalt<\/h5>\n<h5>1 565<\/h5>\n<h5>0\/32 medd\u0151s bazalt<\/h5>\n<h5>2 420<\/h5>\n<h5>M22 medd\u0151s bazalt<\/h5>\n<h5>2 180<\/h5>\n<h5>M63 medd\u0151s bazalt<\/h5>\n<h5>2 610<\/h5>\n<h5>M80 medd\u0151s bazalt<\/h5>\n<h5>2 585<\/h5>\n<h5>0\/125 medd\u0151s robbantott bazalt<\/h5>\n<h5>2 585<\/h5>\n<h5>0\/360 medd\u0151s robbantott bazalt<\/h5>\n<h5>4 040<\/h5>\n<h5>Vas\u00fati \u00e1gyazati k\u0151<\/h5>\n<h5>31,5\/50<\/h5>\n<h5>7 645<\/h5>\n<h5>Speci\u00e1lis term\u00e9k<\/h5>\n<h5>NZ 80\/150<\/h5>\n<h5>6 095<\/h5>\n<h5>Oszlopos bazalt<\/h5>\n<h5>29 545<\/h5>\n","protected":false},"excerpt":{"rendered":"<p>TERM\u00c9KEK Az \u00e1rak t\u00e1j\u00e9koztat\u00f3 jelleg\u0171ek \u00e9s az \u00c1FA-t nem tartalmazz\u00e1k.\u00c9rv\u00e9nyes: 2024.m\u00e1rcius 31-t\u0151l, az \u00e1rv\u00e1ltoztat\u00e1s jog\u00e1t fenntartjuk.Az egys\u00e9g\u00e1rak a fuvareszk\u00f6zre homlokrakod\u00f3val t\u00f6rt\u00e9n\u0151 rakod\u00e1s \u00e9s m\u00e9rlegel\u00e9s d\u00edj\u00e1t tartalmazz\u00e1k.<span class=\"excerpt-hellip\"> [\u2026]<\/span><\/p>\n","protected":false},"author":1,"featured_media":0,"parent":0,"menu_order":0,"comment_status":"open","ping_status":"closed","template":"","meta":{"ngg_post_thumbnail":0,"footnotes":""},"class_list":["post-13","page","type-page","status-publish","hentry"],"_links":{"self":[{"href":"https:\/\/zalarent.hu\/index.php?rest_route=\/wp\/v2\/pages\/13","targetHints":{"allow":["GET"]}}],"collection":[{"href":"https:\/\/zalarent.hu\/index.php?rest_route=\/wp\/v2\/pages"}],"about":[{"href":"https:\/\/zalarent.hu\/index.php?rest_route=\/wp\/v2\/types\/page"}],"author":[{"embeddable":true,"href":"https:\/\/zalarent.hu\/index.php?rest_route=\/wp\/v2\/users\/1"}],"replies":[{"embeddable":true,"href":"https:\/\/zalarent.hu\/index.php?rest_route=%2Fwp%2Fv2%2Fcomments&post=13"}],"version-history":[{"count":3,"href":"https:\/\/zalarent.hu\/index.php?rest_route=\/wp\/v2\/pages\/13\/revisions"}],"predecessor-version":[{"id":127,"href":"https:\/\/zalarent.hu\/index.php?rest_route=\/wp\/v2\/pages\/13\/revisions\/127"}],"wp:attachment":[{"href":"https:\/\/zalarent.hu\/index.php?rest_route=%2Fwp%2Fv2%2Fmedia&parent=13"}],"curies":[{"name":"wp","href":"https:\/\/api.w.org\/{rel}","templated":true}]}}