{"id":11,"date":"2016-01-26T11:17:28","date_gmt":"2016-01-26T11:17:28","guid":{"rendered":"https:\/\/zalarent.hu\/?page_id=11"},"modified":"2024-04-11T10:21:33","modified_gmt":"2024-04-11T10:21:33","slug":"cegunkrol","status":"publish","type":"page","link":"https:\/\/zalarent.hu\/?page_id=11","title":{"rendered":"C\u00c9G\u00dcNKR\u0150L"},"content":{"rendered":"<p><span class=\"icon_top\"><\/span><\/p>\n<h2 class=\"title\">C\u00c9G\u00dcNKR\u0150L<\/h2>\n<p><img width=\"700\" height=\"500\" src=\"https:\/\/zalarent.hu\/wp-content\/uploads\/2023\/10\/zalarenlogo.png\" class=\"scale-with-grid\" alt=\"\" decoding=\"async\" style=\"\" loading=\"lazy\" srcset=\"https:\/\/zalarent.hu\/wp-content\/uploads\/2023\/10\/zalarenlogo.png 700w, https:\/\/zalarent.hu\/wp-content\/uploads\/2023\/10\/zalarenlogo-500x357.png 500w, https:\/\/zalarent.hu\/wp-content\/uploads\/2023\/10\/zalarenlogo-300x214.png 300w, https:\/\/zalarent.hu\/wp-content\/uploads\/2023\/10\/zalarenlogo-105x75.png 105w, https:\/\/zalarent.hu\/wp-content\/uploads\/2023\/10\/zalarenlogo-480x343.png 480w\" sizes=\"auto, (max-width:767px) 480px, 700px\" \/><\/p>\n<h2 class=\"title\">\u00dcdv\u00f6z\u00f6lj\u00fck honlapunkon<\/h2>\n<p>A ZALARENT Neh\u00e9zg\u00e9p K\u00f6lcs\u00f6nz\u0151 Zrt. 2019. 01. 16-\u00e1n alakult. A T\u00e1rsas\u00e1g a jelent\u0151sen b\u0151v\u00fcl\u0151 eszk\u00f6zparkkal, mely jelenleg 12 k\u00fcl\u00f6nb\u00f6z\u0151 \u00f6nj\u00e1r\u00f3 neh\u00e9zg\u00e9pb\u0151l \u00e1ll, jelleg\u00fck szerint homlokrakod\u00f3k, l\u00e1ncos kotr\u00f3k, t\u00f6bb s\u00edkkal oszt\u00e1lyoz\u00f3k, t\u00f6r\u0151g\u00e9pek, a kezel\u0151vel b\u00e9rbead\u00e1s tev\u00e9kenys\u00e9gen kereszt\u00fcl a komplex b\u00e1nyam\u0171vel\u00e9s tev\u00e9kenys\u00e9gi k\u00f6rt is k\u00e9pes ell\u00e1tni. Jelenleg a g\u00e9peink illetve a g\u00e9peinkb\u0151l k\u00e9pzett g\u00e9pl\u00e1ncok j\u00f6veszt\u00e9si, t\u00f6r\u00e9si oszt\u00e1lyoz\u00e1si, dep\u00f3z\u00e1si, rakod\u00e1si tev\u00e9kenys\u00e9get v\u00e9geznek folyamatos munkarendben megb\u00edz\u00f3ink teljes megel\u00e9ged\u00e9s\u00e9re. A folyamatos fejleszt\u00e9seknek k\u00f6sz\u00f6nhet\u0151en a 2020-as \u00e9vben minden kateg\u00f3ri\u00e1ban rendelkezni fogunk tartal\u00e9k g\u00e9ppel, ezzel a 7\/24 rendelkez\u00e9sre \u00e1ll\u00e1sunk minden kateg\u00f3ri\u00e1ban biztos\u00edtott lesz. M\u0171holdas alkalmaz\u00e1sok seg\u00edts\u00e9g\u00e9vel menedzselj\u00fck az eszk\u00f6z\u00f6k szerv\u00edzsz\u00fcks\u00e9gleteit, a minden pillanatban rendelkez\u00e9sre \u00e1ll\u00f3 \u00fczemadatokb\u00f3l megb\u00edz\u00f3ink hasznos inform\u00e1ci\u00f3kat nyernek a saj\u00e1t tev\u00e9kenys\u00e9g\u00fck szervez\u00e9s\u00e9hez.<\/p>\n","protected":false},"excerpt":{"rendered":"<p>C\u00c9G\u00dcNKR\u0150L \u00dcdv\u00f6z\u00f6lj\u00fck honlapunkon A ZALARENT Neh\u00e9zg\u00e9p K\u00f6lcs\u00f6nz\u0151 Zrt. 2019. 01. 16-\u00e1n alakult. A T\u00e1rsas\u00e1g a jelent\u0151sen b\u0151v\u00fcl\u0151 eszk\u00f6zparkkal, mely jelenleg 12 k\u00fcl\u00f6nb\u00f6z\u0151 \u00f6nj\u00e1r\u00f3 neh\u00e9zg\u00e9pb\u0151l \u00e1ll, jelleg\u00fck<span class=\"excerpt-hellip\"> [\u2026]<\/span><\/p>\n","protected":false},"author":1,"featured_media":0,"parent":0,"menu_order":0,"comment_status":"open","ping_status":"closed","template":"","meta":{"ngg_post_thumbnail":0,"footnotes":""},"class_list":["post-11","page","type-page","status-publish","hentry"],"_links":{"self":[{"href":"https:\/\/zalarent.hu\/index.php?rest_route=\/wp\/v2\/pages\/11","targetHints":{"allow":["GET"]}}],"collection":[{"href":"https:\/\/zalarent.hu\/index.php?rest_route=\/wp\/v2\/pages"}],"about":[{"href":"https:\/\/zalarent.hu\/index.php?rest_route=\/wp\/v2\/types\/page"}],"author":[{"embeddable":true,"href":"https:\/\/zalarent.hu\/index.php?rest_route=\/wp\/v2\/users\/1"}],"replies":[{"embeddable":true,"href":"https:\/\/zalarent.hu\/index.php?rest_route=%2Fwp%2Fv2%2Fcomments&post=11"}],"version-history":[{"count":3,"href":"https:\/\/zalarent.hu\/index.php?rest_route=\/wp\/v2\/pages\/11\/revisions"}],"predecessor-version":[{"id":125,"href":"https:\/\/zalarent.hu\/index.php?rest_route=\/wp\/v2\/pages\/11\/revisions\/125"}],"wp:attachment":[{"href":"https:\/\/zalarent.hu\/index.php?rest_route=%2Fwp%2Fv2%2Fmedia&parent=11"}],"curies":[{"name":"wp","href":"https:\/\/api.w.org\/{rel}","templated":true}]}}